{"id":1403,"date":"2025-01-16T18:20:26","date_gmt":"2025-01-16T17:20:26","guid":{"rendered":"https:\/\/www.faenzaceramics.com\/informativa-sulla-privacy\/"},"modified":"2025-01-16T18:20:26","modified_gmt":"2025-01-16T17:20:26","slug":"informativa-sulla-privacy","status":"publish","type":"page","link":"https:\/\/www.faenzaceramics.com\/it\/informativa-sulla-privacy\/","title":{"rendered":"Informativa sulla privacy"},"content":{"rendered":"<h1>Informativa sulla privacy di www.faenzaceramics.it<\/h1>\n<p>&nbsp;<\/p>\n<p>Questo sito web raccoglie alcuni Dati Personali dei suoi Utenti.<\/p>\n<p>Questo documento pu\u00f2 essere stampato utilizzando il comando di stampa nelle impostazioni di qualsiasi browser.<\/p>\n<hr>\n<h2 id=\"owner_of_the_data\">Titolare del trattamento<\/h2>\n<p>Titolare del trattamento \u00e8 l&#8217;Unione della Romagna Faentina (Comuni di Brisighella, Casola Valsenio, Castel Bolognese, Faenza, Riolo Terme, Solarolo), con sede legale in Faenza, Piazza del Popolo 31, IT-48018 | Partita IVA 02517640393 | PEC pec@cert.romagnafaentina.it | Telefono +39 0546 691111.<\/p>\n<hr>\n<h2 id=\"types_of_data\">Tipi di dati raccolti<\/h2>\n<p>Tra i Dati Personali raccolti da questo sito web, in modo autonomo o tramite terze parti, ci sono: Dati di utilizzo; nome; cognome; E-mail; Strumenti di tracciamento.<\/p>\n<p>I dettagli completi su ciascuna tipologia di Dati Personali raccolti sono forniti nelle sezioni dedicate della presente privacy policy o da specifici testi informativi visualizzati prima della raccolta dei Dati.<br \/>\nI Dati Personali possono essere liberamente forniti dall&#8217;Utente o, nel caso di Dati di Utilizzo, raccolti automaticamente durante l&#8217;utilizzo di questo sito web.<br \/>\nSe non diversamente specificato, tutti i Dati richiesti da questo sito web sono obbligatori. Se l&#8217;Utente rifiuta di comunicarli, potrebbe essere impossibile per questo sito web fornire il Servizio. Nei casi in cui questo sito web indichi alcuni Dati come facoltativi, gli Utenti sono liberi di astenersi dal comunicare tali Dati, senza che ci\u00f2 abbia alcuna conseguenza sulla disponibilit\u00e0 del Servizio o sul suo funzionamento.<br \/>\nGli utenti che avessero dubbi su quali Dati siano obbligatori sono invitati a contattare il Titolare del trattamento.  <\/p>\n<p>L&#8217;Utente si assume la responsabilit\u00e0 dei Dati Personali di terzi ottenuti, pubblicati o condivisi attraverso questo sito web.<\/p>\n<hr>\n<h2 id=\"place_of_processing\">Modalit\u00e0 e luogo di trattamento dei dati<\/h2>\n<h3>Modalit\u00e0 del trattamento<\/h3>\n<p>Il Titolare adotta misure di sicurezza adeguate per impedire l&#8217;accesso, la divulgazione, la modifica o la distruzione non autorizzate dei Dati Personali.<br \/>\nIl trattamento \u00e8 effettuato mediante strumenti informatici e\/o telematici, con modalit\u00e0 organizzative e con logiche strettamente correlate alle finalit\u00e0 indicate. Oltre al Titolare, in alcuni casi, potrebbero avere accesso ai Dati altri soggetti coinvolti nell&#8217;organizzazione di questo sito web (personale amministrativo, commerciale, marketing, legali, amministratori di sistema) ovvero soggetti esterni (come fornitori di servizi tecnici terzi, corrieri postali, hosting provider, societ\u00e0 informatiche, agenzie di comunicazione), nominati anche, se necessario, Responsabili del trattamento da parte del Titolare. L&#8217;elenco aggiornato dei Responsabili del trattamento pu\u00f2 essere sempre richiesto al Titolare del trattamento.  <\/p>\n<h3 class=\"iub-subheading iub-subheading-legal-place\">Luogo<\/h3>\n<p>I Dati sono trattati presso la sede operativa del Titolare e in ogni altro luogo in cui le parti coinvolte nel trattamento siano localizzate. Per ulteriori informazioni, \u00e8 possibile contattare il Titolare del trattamento.<br \/>\nI Dati Personali dell&#8217;Utente possono essere trasferiti in un paese diverso da quello in cui si trova l&#8217;Utente. Per maggiori informazioni sul luogo del trattamento, l&#8217;Utente pu\u00f2 fare riferimento alla sezione relativa ai dettagli sul trattamento dei Dati Personali.  <\/p>\n<h3 class=\"iub-subheading iub-subheading-legal-time\">Periodo di conservazione<\/h3>\n<p>Ove non diversamente specificato nel presente documento, i Dati Personali sono trattati e conservati per il tempo richiesto dalla finalit\u00e0 per la quale sono stati raccolti e possono essere conservati per un periodo pi\u00f9 lungo in ragione di eventuali obblighi di legge o in base al consenso degli Utenti.<\/p>\n<hr>\n<h2 id=\"use_collected_data\">Finalit\u00e0 del trattamento dei dati raccolti<\/h2>\n<p>I Dati dell&#8217;Utente sono raccolti per consentire al Titolare di fornire il Servizio, adempiere ad obblighi di legge, rispondere a richieste o azioni esecutive, tutelare i propri diritti e interessi (o quelli degli Utenti o di terzi), identificare eventuali attivit\u00e0 fraudolente o fraudolente, e per le seguenti finalit\u00e0: Statistica, Contattare l&#8217;Utente.<\/p>\n<p>Per informazioni dettagliate sulle finalit\u00e0 del trattamento e sui Dati Personali trattati per ciascuna finalit\u00e0, l&#8217;Utente pu\u00f2 fare riferimento alla sezione &#8220;Dettagli sul trattamento dei Dati Personali&#8221;.<\/p>\n<hr>\n<h2 id=\"data_processing_detailed_info\">Dettagli sul trattamento dei dati personali<\/h2>\n<p>I Dati Personali sono raccolti per le seguenti finalit\u00e0 e utilizzando i seguenti servizi:<\/p>\n<h3>Contattare l&#8217;Utente<\/h3>\n<h4 class=\"\">Modulo di contatto (questo sito web)<\/h4>\n<p>Compilando il modulo di contatto con i propri Dati, l&#8217;Utente acconsente al loro utilizzo per rispondere a richieste di informazioni, preventivi, o di qualsiasi altra natura indicata dall&#8217;intestazione del modulo.<\/p>\n<p>Dati Personali trattati: cognome; E-mail; nome.<\/p>\n<h3>Statistica<\/h3>\n<p>I servizi contenuti in questa sezione consentono al Titolare del trattamento di monitorare e analizzare i dati di traffico e sono utilizzati per tracciare il comportamento dell&#8217;Utente.<\/p>\n<h4>Statistiche raccolte direttamente (questo sito web)<\/h4>\n<p>Questo sito web utilizza un sistema di statistiche interne che non coinvolge terze parti.<\/p>\n<p>Dati Personali trattati: Dati di utilizzo.<\/p>\n<hr>\n<h2 id=\"cookie_policy_further_information\">Ulteriori informazioni per gli utenti<\/h2>\n<h3>Base giuridica del trattamento<\/h3>\n<p>Il Titolare tratta i Dati Personali relativi all&#8217;Utente qualora ricorra una delle seguenti condizioni:<\/p>\n<ul>\n<li>L&#8217;Utente ha prestato il consenso per una o pi\u00f9 specifiche finalit\u00e0.<\/li>\n<li>Il trattamento \u00e8 necessario per l&#8217;esecuzione di un contratto con l&#8217;Utente e\/o per l&#8217;esecuzione di misure precontrattuali;<\/li>\n<li>Il trattamento \u00e8 necessario per adempiere ad un obbligo legale al quale \u00e8 soggetto il Titolare del trattamento;<\/li>\n<li>Il trattamento \u00e8 necessario per l&#8217;esecuzione di un compito di interesse pubblico o connesso all&#8217;esercizio di pubblici poteri di cui \u00e8 investito il Titolare del trattamento;<\/li>\n<li>Il trattamento \u00e8 necessario per il perseguimento del legittimo interesse del Titolare o di un terzo.<\/li>\n<\/ul>\n<p>In ogni caso, \u00e8 sempre possibile chiedere al Titolare del trattamento di chiarire la specifica base giuridica di ciascun trattamento e in particolare di specificare se il trattamento si basa sulla legge, \u00e8 previsto da un contratto o \u00e8 necessario per concludere un contratto.<\/p>\n<h3 class=\"iub-subheading iub-subheading-legal-time\">Ulteriori informazioni sul tempo di conservazione<\/h3>\n<p>Ove non diversamente specificato nel presente documento, i Dati Personali sono trattati e conservati per il tempo richiesto dalla finalit\u00e0 per la quale sono stati raccolti e possono essere conservati per un periodo pi\u00f9 lungo in ragione di eventuali obblighi di legge o in base al consenso degli Utenti.<\/p>\n<p>Pertanto:<\/p>\n<ul>\n<li>I Dati Personali raccolti per finalit\u00e0 connesse all&#8217;esecuzione di un contratto tra il Titolare e l&#8217;Utente saranno conservati fino al completamento dell&#8217;esecuzione di tale contratto.<\/li>\n<li>I Dati Personali raccolti per finalit\u00e0 riconducibili al legittimo interesse del Titolare saranno conservati fino al soddisfacimento di tale interesse. L&#8217;Utente pu\u00f2 ottenere ulteriori informazioni in merito al legittimo interesse perseguito dal Titolare del trattamento nelle relative sezioni del presente documento o contattando il Titolare del trattamento.<\/li>\n<\/ul>\n<p>Quando il trattamento si basa sul consenso dell&#8217;Utente, il Titolare del trattamento pu\u00f2 conservare i Dati Personali per un periodo pi\u00f9 lungo fino alla revoca di tale consenso. Inoltre, il Titolare del trattamento potrebbe essere obbligato a conservare i Dati Personali per un periodo pi\u00f9 lungo per adempiere a un obbligo di legge o per ordine di un&#8217;autorit\u00e0.<\/p>\n<p>Al termine del periodo di conservazione, i Dati Personali saranno cancellati. Pertanto, alla scadenza di tale termine, il diritto di accesso, cancellazione, rettifica e il diritto alla portabilit\u00e0 dei dati non potranno pi\u00f9 essere esercitati.<\/p>\n<h3 id=\"rights_subjects\">Diritti dell&#8217;utente ai sensi del Regolamento generale sulla protezione dei dati (GDPR)<\/h3>\n<p>Gli utenti hanno la facolt\u00e0 di esercitare determinati diritti in relazione ai Dati trattati dal Titolare.<\/p>\n<p>In particolare, nei limiti previsti dalla legge, l&#8217;Utente ha diritto di:<\/p>\n<ul>\n<li><strong>Revoca il consenso in qualsiasi momento.<\/strong>  L&#8217;Utente pu\u00f2 revocare il consenso al trattamento dei propri Dati Personali precedentemente espresso.<\/li>\n<li><strong>Opporsi al trattamento dei propri Dati.<\/strong>  L&#8217;Utente pu\u00f2 opporsi al trattamento dei propri Dati quando questo avviene sulla base di una base giuridica diversa dal consenso.<\/li>\n<li><strong>Accedere ai propri dati.<\/strong>  L&#8217;Utente ha il diritto di ottenere informazioni sui Dati trattati dal Titolare, su determinati aspetti del trattamento e di ricevere una copia dei Dati trattati.<\/li>\n<li><strong>Verificare e richiedere la rettifica.<\/strong>  L&#8217;Utente pu\u00f2 verificare l&#8217;esattezza dei propri Dati e richiederne l&#8217;aggiornamento o la correzione.<\/li>\n<li><strong>Ottenere la limitazione del trattamento.<\/strong>  L&#8217;Utente pu\u00f2 richiedere la limitazione del trattamento dei propri Dati. In tal caso, il Titolare del trattamento non tratter\u00e0 i Dati per scopi diversi dalla loro conservazione.<\/li>\n<li><strong>Ottenere la cancellazione o la rimozione dei propri Dati Personali.<\/strong>  L&#8217;Utente pu\u00f2 richiedere la cancellazione dei propri Dati da parte del Titolare del trattamento.<\/li>\n<li><strong>Ricevere i propri Dati o farli trasferire a un altro titolare del trattamento.<\/strong>  L&#8217;Utente ha il diritto di ricevere i propri Dati in un formato strutturato, di uso comune e leggibile da dispositivo automatico e, ove tecnicamente fattibile, di ottenerne il trasferimento senza impedimenti a un altro titolare del trattamento.<\/li>\n<li><strong>Presentare un reclamo.<\/strong>  L&#8217;Utente pu\u00f2 presentare un reclamo all&#8217;autorit\u00e0 di controllo competente per la protezione dei dati personali o intraprendere un&#8217;azione legale.<\/li>\n<\/ul>\n<p>Gli utenti hanno il diritto di ottenere informazioni in merito alla base giuridica del trasferimento dei Dati all&#8217;estero, anche a qualsiasi organizzazione internazionale disciplinata dal diritto internazionale o istituita da due o pi\u00f9 Paesi, come ad esempio l&#8217;ONU, nonch\u00e9 in merito alle misure di sicurezza adottate dal Titolare per proteggere i propri Dati.<\/p>\n<h4 class=\"iub-subheading iub-subheading-legal-right-to-object\">Dettagli sul diritto di opposizione<\/h4>\n<p><strong>Quando i Dati Personali sono trattati nell&#8217;interesse pubblico, nell&#8217;esercizio di pubblici poteri di cui \u00e8 investito il Titolare del trattamento o per perseguire un legittimo interesse del Titolare del trattamento, gli Utenti hanno il diritto di opporsi al trattamento per motivi connessi alla loro situazione particolare.<\/strong><\/p>\n<p><strong>Si informano gli utenti che, qualora i loro Dati siano trattati per finalit\u00e0 di marketing diretto, possono opporsi al trattamento in qualsiasi momento, gratuitamente e senza fornire alcuna motivazione. Se gli Utenti si oppongono al trattamento per finalit\u00e0 di marketing diretto, i Dati Personali non saranno pi\u00f9 trattati per tali finalit\u00e0. Per sapere se il Titolare tratta i Dati per finalit\u00e0 di marketing diretto, gli Utenti possono fare riferimento alle rispettive sezioni di questo documento.<\/strong><\/p>\n<h4 class=\"iub-subheading iub-subheading-legal-how-to-exercise\">Come esercitare i diritti<\/h4>\n<p>Eventuali richieste di esercizio dei diritti dell&#8217;Utente possono essere rivolte al Titolare del trattamento attraverso i recapiti forniti nel presente documento. La richiesta \u00e8 gratuita e il Titolare del trattamento provveder\u00e0 a rispondere nel pi\u00f9 breve tempo possibile, in ogni caso entro un mese, fornendo all&#8217;Utente tutte le informazioni previste dalla legge. Eventuali rettifiche, cancellazioni o limitazioni del trattamento saranno comunicate dal Titolare del trattamento a ciascuno degli eventuali destinatari cui sono stati trasmessi i Dati Personali, salvo che ci\u00f2 si riveli impossibile o implichi uno sforzo sproporzionato. Il Titolare del trattamento informer\u00e0 l&#8217;Utente di tali destinatari su sua richiesta.<\/p>\n<hr>\n<h2 id=\"further_data_processing_info\">Ulteriori informazioni sul trattamento<\/h2>\n<h3>Difesa Legale<\/h3>\n<p>I Dati Personali dell&#8217;Utente potranno essere utilizzati dal Titolare del trattamento in sede giudiziaria o nelle fasi propedeutiche di qualsiasi azione legale per difendersi da un uso improprio del presente sito web o dei relativi Servizi da parte dell&#8217;Utente.<br \/>\nL&#8217;Utente prende atto che il Titolare del trattamento potrebbe essere tenuto a divulgare i Dati per ordine delle autorit\u00e0 pubbliche.<\/p>\n<h3 class=\"iub-subheading iub-subheading-legal-specific-info\">Informazioni specifiche<\/h3>\n<p>Su richiesta dell&#8217;Utente, in aggiunta alle informazioni contenute nella presente privacy policy, questo sito web pu\u00f2 fornire all&#8217;Utente informazioni aggiuntive e contestuali riguardanti specifici Servizi, ovvero la raccolta e il trattamento di Dati Personali.<\/p>\n<h3>Registri di sistema e manutenzione<\/h3>\n<p>Per esigenze operative e di manutenzione, questo sito web e gli eventuali servizi terzi da esso utilizzati possono raccogliere log di sistema, che sono file che registrano le interazioni e possono contenere anche Dati Personali, come l&#8217;indirizzo IP dell&#8217;Utente.<\/p>\n<h3>Informazioni non contenute nella presente Informativa<\/h3>\n<p>Ulteriori informazioni in merito al trattamento dei Dati Personali potranno essere richieste in qualsiasi momento al Titolare del trattamento utilizzando i recapiti forniti.<\/p>\n<h3>Modifiche alla presente Informativa sulla privacy<\/h3>\n<p>Il Titolare del trattamento si riserva il diritto di apportare modifiche alla presente privacy policy in qualsiasi momento dandone comunicazione agli Utenti su questa pagina e, se possibile, su questo sito web e, se tecnicamente e legalmente fattibile, inviando una notifica agli Utenti tramite uno dei recapiti in suo possesso. Si prega di consultare frequentemente questa pagina, facendo riferimento alla data dell&#8217;ultima modifica indicata in fondo.<\/p>\n<p>Qualora le modifiche incidano sul trattamento basato sul consenso, il Titolare provveder\u00e0 a raccogliere nuovamente il consenso dell&#8217;Utente, se necessario.<\/p>\n<hr>\n<p>Ultima modifica: 17 gennaio 2025<\/p>\n","protected":false},"excerpt":{"rendered":"<p>Informativa sulla privacy di www.faenzaceramics.it &nbsp; Questo sito web raccoglie  [&#8230;]<\/p>\n","protected":false},"author":1,"featured_media":0,"parent":0,"menu_order":0,"comment_status":"closed","ping_status":"closed","template":"","meta":{"_acf_changed":false,"footnotes":""},"class_list":["post-1403","page","type-page","status-publish","hentry"],"acf":[],"_links":{"self":[{"href":"https:\/\/www.faenzaceramics.com\/it\/wp-json\/wp\/v2\/pages\/1403","targetHints":{"allow":["GET"]}}],"collection":[{"href":"https:\/\/www.faenzaceramics.com\/it\/wp-json\/wp\/v2\/pages"}],"about":[{"href":"https:\/\/www.faenzaceramics.com\/it\/wp-json\/wp\/v2\/types\/page"}],"author":[{"embeddable":true,"href":"https:\/\/www.faenzaceramics.com\/it\/wp-json\/wp\/v2\/users\/1"}],"replies":[{"embeddable":true,"href":"https:\/\/www.faenzaceramics.com\/it\/wp-json\/wp\/v2\/comments?post=1403"}],"version-history":[{"count":0,"href":"https:\/\/www.faenzaceramics.com\/it\/wp-json\/wp\/v2\/pages\/1403\/revisions"}],"wp:attachment":[{"href":"https:\/\/www.faenzaceramics.com\/it\/wp-json\/wp\/v2\/media?parent=1403"}],"curies":[{"name":"wp","href":"https:\/\/api.w.org\/{rel}","templated":true}]}}